{"id":1407,"date":"2025-11-19T20:30:37","date_gmt":"2025-11-19T20:30:37","guid":{"rendered":"https:\/\/amparate.co\/?page_id=1407"},"modified":"2025-12-22T19:27:13","modified_gmt":"2025-12-22T19:27:13","slug":"creditos","status":"publish","type":"page","link":"https:\/\/amparate.co\/?page_id=1407","title":{"rendered":"Cr\u00e9ditos"},"content":{"rendered":"\t\t<div data-elementor-type=\"wp-page\" data-elementor-id=\"1407\" class=\"elementor elementor-1407\">\n\t\t\t\t<div class=\"elementor-element elementor-element-20bc15a e-flex e-con-boxed e-con e-parent\" data-id=\"20bc15a\" data-element_type=\"container\" data-e-type=\"container\">\n\t\t\t\t\t<div class=\"e-con-inner\">\n\t\t<div class=\"elementor-element elementor-element-12a2c3c e-con-full e-flex e-con e-child\" data-id=\"12a2c3c\" data-element_type=\"container\" data-e-type=\"container\">\n\t\t\t\t<div class=\"elementor-element elementor-element-97142ca elementor-widget elementor-widget-heading\" data-id=\"97142ca\" data-element_type=\"widget\" data-e-type=\"widget\" data-widget_type=\"heading.default\">\n\t\t\t\t<div class=\"elementor-widget-container\">\n\t\t\t\t\t<h2 class=\"elementor-heading-title elementor-size-default\">Encuentra el mejor <span style=\"color:#1a73e7;font-weight:bold\">cr\u00e9dito <\/span>\n<\/h2>\t\t\t\t<\/div>\n\t\t\t\t<\/div>\n\t\t\t\t<\/div>\n\t\t<div class=\"elementor-element elementor-element-8c36937 e-con-full e-flex e-con e-child\" data-id=\"8c36937\" data-element_type=\"container\" data-e-type=\"container\">\n\t\t\t\t<div class=\"elementor-element elementor-element-9baca56 elementor-widget elementor-widget-heading\" data-id=\"9baca56\" data-element_type=\"widget\" data-e-type=\"widget\" data-widget_type=\"heading.default\">\n\t\t\t\t<div class=\"elementor-widget-container\">\n\t\t\t\t\t<h5 class=\"elementor-heading-title elementor-size-default\">Simula el cr\u00e9dito que necesites al instante y encuentra las mejores ofertas&nbsp;del&nbsp;mercado<\/h5>\t\t\t\t<\/div>\n\t\t\t\t<\/div>\n\t\t\t\t<\/div>\n\t\t\t\t\t<\/div>\n\t\t\t\t<\/div>\n\t\t<div class=\"elementor-element elementor-element-fd14766 e-flex e-con-boxed e-con e-parent\" data-id=\"fd14766\" data-element_type=\"container\" data-e-type=\"container\">\n\t\t\t\t\t<div class=\"e-con-inner\">\n\t\t<div class=\"elementor-element elementor-element-a48b6b2 e-con-full e-flex e-con e-child\" data-id=\"a48b6b2\" data-element_type=\"container\" data-e-type=\"container\" data-settings=\"{&quot;background_background&quot;:&quot;classic&quot;}\">\n\t\t\t\t<div class=\"elementor-element elementor-element-1a93f69 elementor-widget elementor-widget-image\" data-id=\"1a93f69\" data-element_type=\"widget\" data-e-type=\"widget\" data-widget_type=\"image.default\">\n\t\t\t\t<div class=\"elementor-widget-container\">\n\t\t\t\t\t\t\t\t\t\t\t\t\t\t\t<img fetchpriority=\"high\" decoding=\"async\" width=\"1000\" height=\"1000\" src=\"https:\/\/amparate.co\/wp-content\/uploads\/2025\/11\/37.png\" class=\"attachment-full size-full wp-image-1412\" alt=\"\" srcset=\"https:\/\/amparate.co\/wp-content\/uploads\/2025\/11\/37.png 1000w, https:\/\/amparate.co\/wp-content\/uploads\/2025\/11\/37-300x300.png 300w, https:\/\/amparate.co\/wp-content\/uploads\/2025\/11\/37-150x150.png 150w, https:\/\/amparate.co\/wp-content\/uploads\/2025\/11\/37-768x768.png 768w\" sizes=\"(max-width: 1000px) 100vw, 1000px\" \/>\t\t\t\t\t\t\t\t\t\t\t\t\t\t\t<\/div>\n\t\t\t\t<\/div>\n\t\t\t\t<div class=\"elementor-element elementor-element-e0b4beb elementor-widget elementor-widget-heading\" data-id=\"e0b4beb\" data-element_type=\"widget\" data-e-type=\"widget\" data-widget_type=\"heading.default\">\n\t\t\t\t<div class=\"elementor-widget-container\">\n\t\t\t\t\t<h3 class=\"elementor-heading-title elementor-size-default\">Cr\u00e9dito carro<\/h3>\t\t\t\t<\/div>\n\t\t\t\t<\/div>\n\t\t\t\t<div class=\"elementor-element elementor-element-0cd3bbe elementor-hidden-mobile elementor-widget elementor-widget-heading\" data-id=\"0cd3bbe\" data-element_type=\"widget\" data-e-type=\"widget\" data-widget_type=\"heading.default\">\n\t\t\t\t<div class=\"elementor-widget-container\">\n\t\t\t\t\t<h5 class=\"elementor-heading-title elementor-size-default\"><span class=\"a_GcMg font-feature-liga-off font-feature-clig-off font-feature-calt-off text-decoration-none text-strikethrough-none\" style=\"--Ys-XuQ: none\">Financia tu carro con la mejor tasa del mercado<\/span><\/h5>\t\t\t\t<\/div>\n\t\t\t\t<\/div>\n\t\t\t\t<div class=\"elementor-element elementor-element-966eaef elementor-align-center elementor-widget elementor-widget-button\" data-id=\"966eaef\" data-element_type=\"widget\" data-e-type=\"widget\" data-widget_type=\"button.default\">\n\t\t\t\t<div class=\"elementor-widget-container\">\n\t\t\t\t\t\t\t\t\t<div class=\"elementor-button-wrapper\">\n\t\t\t\t\t<a class=\"elementor-button elementor-button-link elementor-size-sm\" href=\"https:\/\/amparate.financiakarz.com\/\">\n\t\t\t\t\t\t<span class=\"elementor-button-content-wrapper\">\n\t\t\t\t\t\t\t\t\t<span class=\"elementor-button-text\">COTIZA YA<\/span>\n\t\t\t\t\t<\/span>\n\t\t\t\t\t<\/a>\n\t\t\t\t<\/div>\n\t\t\t\t\t\t\t\t<\/div>\n\t\t\t\t<\/div>\n\t\t\t\t<\/div>\n\t\t\t\t\t<\/div>\n\t\t\t\t<\/div>\n\t\t\t\t<\/div>\n\t\t","protected":false},"excerpt":{"rendered":"<p>Encuentra el mejor cr\u00e9dito Simula el cr\u00e9dito que necesites al instante y encuentra las mejores ofertas&nbsp;del&nbsp;mercado Cr\u00e9dito carro Financia tu carro con la mejor tasa del mercado COTIZA YA<\/p>\n","protected":false},"author":1,"featured_media":0,"parent":0,"menu_order":0,"comment_status":"closed","ping_status":"closed","template":"","meta":{"footnotes":""},"class_list":["post-1407","page","type-page","status-publish","hentry"],"_links":{"self":[{"href":"https:\/\/amparate.co\/index.php?rest_route=\/wp\/v2\/pages\/1407","targetHints":{"allow":["GET"]}}],"collection":[{"href":"https:\/\/amparate.co\/index.php?rest_route=\/wp\/v2\/pages"}],"about":[{"href":"https:\/\/amparate.co\/index.php?rest_route=\/wp\/v2\/types\/page"}],"author":[{"embeddable":true,"href":"https:\/\/amparate.co\/index.php?rest_route=\/wp\/v2\/users\/1"}],"replies":[{"embeddable":true,"href":"https:\/\/amparate.co\/index.php?rest_route=%2Fwp%2Fv2%2Fcomments&post=1407"}],"version-history":[{"count":64,"href":"https:\/\/amparate.co\/index.php?rest_route=\/wp\/v2\/pages\/1407\/revisions"}],"predecessor-version":[{"id":1541,"href":"https:\/\/amparate.co\/index.php?rest_route=\/wp\/v2\/pages\/1407\/revisions\/1541"}],"wp:attachment":[{"href":"https:\/\/amparate.co\/index.php?rest_route=%2Fwp%2Fv2%2Fmedia&parent=1407"}],"curies":[{"name":"wp","href":"https:\/\/api.w.org\/{rel}","templated":true}]}}