{"id":527,"date":"2024-10-16T15:09:25","date_gmt":"2024-10-16T15:09:25","guid":{"rendered":"https:\/\/amparate.co\/?page_id=527"},"modified":"2025-10-22T20:44:49","modified_gmt":"2025-10-22T20:44:49","slug":"nosotros","status":"publish","type":"page","link":"https:\/\/amparate.co\/?page_id=527","title":{"rendered":"Nosotros"},"content":{"rendered":"\t\t<div data-elementor-type=\"wp-page\" data-elementor-id=\"527\" class=\"elementor elementor-527\">\n\t\t\t\t\t\t<section class=\"elementor-section elementor-top-section elementor-element elementor-element-a2217b2 elementor-section-boxed elementor-section-height-default elementor-section-height-default\" data-id=\"a2217b2\" data-element_type=\"section\" data-e-type=\"section\">\n\t\t\t\t\t\t<div class=\"elementor-container elementor-column-gap-default\">\n\t\t\t\t\t<div class=\"elementor-column elementor-col-50 elementor-top-column elementor-element elementor-element-259ced39\" data-id=\"259ced39\" data-element_type=\"column\" data-e-type=\"column\">\n\t\t\t<div class=\"elementor-widget-wrap elementor-element-populated\">\n\t\t\t\t\t\t<div class=\"elementor-element elementor-element-1a62be55 elementor-widget elementor-widget-heading\" data-id=\"1a62be55\" data-element_type=\"widget\" data-e-type=\"widget\" data-widget_type=\"heading.default\">\n\t\t\t\t<div class=\"elementor-widget-container\">\n\t\t\t\t\t<h2 class=\"elementor-heading-title elementor-size-default\">NOSOTROS<\/h2>\t\t\t\t<\/div>\n\t\t\t\t<\/div>\n\t\t\t\t<div class=\"elementor-element elementor-element-4a1e8262 elementor-hidden-desktop elementor-hidden-tablet elementor-widget elementor-widget-image\" data-id=\"4a1e8262\" data-element_type=\"widget\" data-e-type=\"widget\" data-widget_type=\"image.default\">\n\t\t\t\t<div class=\"elementor-widget-container\">\n\t\t\t\t\t\t\t\t\t\t\t\t\t\t\t<img decoding=\"async\" src=\"https:\/\/amparate.co\/wp-content\/uploads\/2024\/10\/nosotross-01-2.png\" class=\"attachment-full size-full wp-image-529\" alt=\"\" \/>\t\t\t\t\t\t\t\t\t\t\t\t\t\t\t<\/div>\n\t\t\t\t<\/div>\n\t\t\t\t<div class=\"elementor-element elementor-element-f5801b4 elementor-widget elementor-widget-text-editor\" data-id=\"f5801b4\" data-element_type=\"widget\" data-e-type=\"widget\" data-widget_type=\"text-editor.default\">\n\t\t\t\t<div class=\"elementor-widget-container\">\n\t\t\t\t\t\t\t\t\t<p>En el a\u00f1o 2022, surge Prima Justa a partir de la fusi\u00f3n de tres agencias de seguros con m\u00e1s de 20 a\u00f1os de experiencia en el mercado asegurador. Estas agencias no comprend\u00edan por qu\u00e9, en pleno siglo XXI, no exist\u00edan compa\u00f1\u00edas de seguros centradas en fortalecer sus canales digitales. Por lo tanto, nos propusimos trabajar en colaboraci\u00f3n con diversas aseguradoras para ampliar la cobertura de sus productos en Colombia, utilizando tecnolog\u00eda disruptiva accesible para todas las personas y empresas del pa\u00eds.<\/p>\t\t\t\t\t\t\t\t<\/div>\n\t\t\t\t<\/div>\n\t\t\t\t\t<\/div>\n\t\t<\/div>\n\t\t\t\t<div class=\"elementor-column elementor-col-50 elementor-top-column elementor-element elementor-element-5f503d3f elementor-hidden-mobile\" data-id=\"5f503d3f\" data-element_type=\"column\" data-e-type=\"column\">\n\t\t\t<div class=\"elementor-widget-wrap elementor-element-populated\">\n\t\t\t\t\t\t<div class=\"elementor-element elementor-element-32385ae8 elementor-widget elementor-widget-image\" data-id=\"32385ae8\" data-element_type=\"widget\" data-e-type=\"widget\" data-widget_type=\"image.default\">\n\t\t\t\t<div class=\"elementor-widget-container\">\n\t\t\t\t\t\t\t\t\t\t\t\t\t\t\t<img fetchpriority=\"high\" decoding=\"async\" width=\"1536\" height=\"1056\" src=\"https:\/\/amparate.co\/wp-content\/uploads\/2024\/10\/nosotross-01-01-1536x1056-1.png\" class=\"attachment-full size-full wp-image-543\" alt=\"\" srcset=\"https:\/\/amparate.co\/wp-content\/uploads\/2024\/10\/nosotross-01-01-1536x1056-1.png 1536w, https:\/\/amparate.co\/wp-content\/uploads\/2024\/10\/nosotross-01-01-1536x1056-1-300x206.png 300w, https:\/\/amparate.co\/wp-content\/uploads\/2024\/10\/nosotross-01-01-1536x1056-1-1024x704.png 1024w, https:\/\/amparate.co\/wp-content\/uploads\/2024\/10\/nosotross-01-01-1536x1056-1-768x528.png 768w\" sizes=\"(max-width: 1536px) 100vw, 1536px\" \/>\t\t\t\t\t\t\t\t\t\t\t\t\t\t\t<\/div>\n\t\t\t\t<\/div>\n\t\t\t\t\t<\/div>\n\t\t<\/div>\n\t\t\t\t\t<\/div>\n\t\t<\/section>\n\t\t\t\t<section class=\"elementor-section elementor-top-section elementor-element elementor-element-24c8e668 elementor-section-boxed elementor-section-height-default elementor-section-height-default\" data-id=\"24c8e668\" data-element_type=\"section\" data-e-type=\"section\">\n\t\t\t\t\t\t<div class=\"elementor-container elementor-column-gap-default\">\n\t\t\t\t\t<div class=\"elementor-column elementor-col-50 elementor-top-column elementor-element elementor-element-219e640d elementor-hidden-mobile\" data-id=\"219e640d\" data-element_type=\"column\" data-e-type=\"column\">\n\t\t\t<div class=\"elementor-widget-wrap elementor-element-populated\">\n\t\t\t\t\t\t<div class=\"elementor-element elementor-element-52f533c2 elementor-widget elementor-widget-image\" data-id=\"52f533c2\" data-element_type=\"widget\" data-e-type=\"widget\" data-widget_type=\"image.default\">\n\t\t\t\t<div class=\"elementor-widget-container\">\n\t\t\t\t\t\t\t\t\t\t\t\t\t\t\t<img decoding=\"async\" width=\"1536\" height=\"1056\" src=\"https:\/\/amparate.co\/wp-content\/uploads\/2024\/10\/nosotross-01-1536x1056-1.png\" class=\"attachment-full size-full wp-image-544\" alt=\"\" srcset=\"https:\/\/amparate.co\/wp-content\/uploads\/2024\/10\/nosotross-01-1536x1056-1.png 1536w, https:\/\/amparate.co\/wp-content\/uploads\/2024\/10\/nosotross-01-1536x1056-1-300x206.png 300w, https:\/\/amparate.co\/wp-content\/uploads\/2024\/10\/nosotross-01-1536x1056-1-1024x704.png 1024w, https:\/\/amparate.co\/wp-content\/uploads\/2024\/10\/nosotross-01-1536x1056-1-768x528.png 768w\" sizes=\"(max-width: 1536px) 100vw, 1536px\" \/>\t\t\t\t\t\t\t\t\t\t\t\t\t\t\t<\/div>\n\t\t\t\t<\/div>\n\t\t\t\t\t<\/div>\n\t\t<\/div>\n\t\t\t\t<div class=\"elementor-column elementor-col-50 elementor-top-column elementor-element elementor-element-4d4f6cc0\" data-id=\"4d4f6cc0\" data-element_type=\"column\" data-e-type=\"column\">\n\t\t\t<div class=\"elementor-widget-wrap elementor-element-populated\">\n\t\t\t\t\t\t<div class=\"elementor-element elementor-element-bba8f5b elementor-widget elementor-widget-heading\" data-id=\"bba8f5b\" data-element_type=\"widget\" data-e-type=\"widget\" data-widget_type=\"heading.default\">\n\t\t\t\t<div class=\"elementor-widget-container\">\n\t\t\t\t\t<h2 class=\"elementor-heading-title elementor-size-default\">EQUIPO<\/h2>\t\t\t\t<\/div>\n\t\t\t\t<\/div>\n\t\t\t\t<div class=\"elementor-element elementor-element-5baa5b5a elementor-hidden-desktop elementor-hidden-tablet elementor-widget elementor-widget-image\" data-id=\"5baa5b5a\" data-element_type=\"widget\" data-e-type=\"widget\" data-widget_type=\"image.default\">\n\t\t\t\t<div class=\"elementor-widget-container\">\n\t\t\t\t\t\t\t\t\t\t\t\t\t\t\t<img decoding=\"async\" src=\"https:\/\/amparate.co\/wp-content\/uploads\/2024\/10\/nosotross-01-01-1.png\" class=\"attachment-full size-full wp-image-530\" alt=\"\" \/>\t\t\t\t\t\t\t\t\t\t\t\t\t\t\t<\/div>\n\t\t\t\t<\/div>\n\t\t\t\t<div class=\"elementor-element elementor-element-3f1d141b elementor-widget elementor-widget-text-editor\" data-id=\"3f1d141b\" data-element_type=\"widget\" data-e-type=\"widget\" data-widget_type=\"text-editor.default\">\n\t\t\t\t<div class=\"elementor-widget-container\">\n\t\t\t\t\t\t\t\t\t<p>Disponemos de un grupo de asesores con amplia experiencia que ha logrado colocar m\u00e1s de 15.000 millones de pesos en primas de diversos ramos en los \u00faltimos a\u00f1os. Gracias a nuestra orientaci\u00f3n tecnol\u00f3gica, hemos desarrollado una plataforma intuitiva y sencilla que permite a los usuarios explorar a fondo los seguros y adquirir las coberturas que mejor se ajusten a sus necesidades en cuesti\u00f3n de minutos. \u00bfNo est\u00e1 mal, verdad?<\/p>\t\t\t\t\t\t\t\t<\/div>\n\t\t\t\t<\/div>\n\t\t\t\t\t<\/div>\n\t\t<\/div>\n\t\t\t\t\t<\/div>\n\t\t<\/section>\n\t\t\t\t<section class=\"elementor-section elementor-top-section elementor-element elementor-element-69b3a0c2 elementor-section-boxed elementor-section-height-default elementor-section-height-default\" data-id=\"69b3a0c2\" data-element_type=\"section\" data-e-type=\"section\">\n\t\t\t\t\t\t<div class=\"elementor-container elementor-column-gap-default\">\n\t\t\t\t\t<div class=\"elementor-column elementor-col-50 elementor-top-column elementor-element elementor-element-2b1151ae\" data-id=\"2b1151ae\" data-element_type=\"column\" data-e-type=\"column\">\n\t\t\t<div class=\"elementor-widget-wrap elementor-element-populated\">\n\t\t\t\t\t\t<div class=\"elementor-element elementor-element-11effcae elementor-widget elementor-widget-heading\" data-id=\"11effcae\" data-element_type=\"widget\" data-e-type=\"widget\" data-widget_type=\"heading.default\">\n\t\t\t\t<div class=\"elementor-widget-container\">\n\t\t\t\t\t<h2 class=\"elementor-heading-title elementor-size-default\">MISI\u00d3N<\/h2>\t\t\t\t<\/div>\n\t\t\t\t<\/div>\n\t\t\t\t<div class=\"elementor-element elementor-element-78d92bb3 elementor-hidden-desktop elementor-hidden-tablet elementor-widget elementor-widget-image\" data-id=\"78d92bb3\" data-element_type=\"widget\" data-e-type=\"widget\" data-widget_type=\"image.default\">\n\t\t\t\t<div class=\"elementor-widget-container\">\n\t\t\t\t\t\t\t\t\t\t\t\t\t\t\t<img decoding=\"async\" src=\"https:\/\/amparate.co\/wp-content\/uploads\/2024\/10\/mision-01.png\" class=\"attachment-full size-full wp-image-531\" alt=\"\" \/>\t\t\t\t\t\t\t\t\t\t\t\t\t\t\t<\/div>\n\t\t\t\t<\/div>\n\t\t\t\t<div class=\"elementor-element elementor-element-2f27aa31 elementor-widget elementor-widget-text-editor\" data-id=\"2f27aa31\" data-element_type=\"widget\" data-e-type=\"widget\" data-widget_type=\"text-editor.default\">\n\t\t\t\t<div class=\"elementor-widget-container\">\n\t\t\t\t\t\t\t\t\t<p>Impulsar el crecimiento sostenible de las aseguradoras a trav\u00e9s de la ampliaci\u00f3n de la fuerza de ventas, garantizando que el asegurado obtenga beneficios significativos y mejorando las redes de comunicaci\u00f3n de los diferentes productos.<\/p>\t\t\t\t\t\t\t\t<\/div>\n\t\t\t\t<\/div>\n\t\t\t\t\t<\/div>\n\t\t<\/div>\n\t\t\t\t<div class=\"elementor-column elementor-col-50 elementor-top-column elementor-element elementor-element-5c534b77 elementor-hidden-mobile\" data-id=\"5c534b77\" data-element_type=\"column\" data-e-type=\"column\">\n\t\t\t<div class=\"elementor-widget-wrap elementor-element-populated\">\n\t\t\t\t\t\t<div class=\"elementor-element elementor-element-1dfe5978 elementor-widget elementor-widget-image\" data-id=\"1dfe5978\" data-element_type=\"widget\" data-e-type=\"widget\" data-widget_type=\"image.default\">\n\t\t\t\t<div class=\"elementor-widget-container\">\n\t\t\t\t\t\t\t\t\t\t\t\t\t\t\t<img decoding=\"async\" width=\"1536\" height=\"1056\" src=\"https:\/\/amparate.co\/wp-content\/uploads\/2024\/10\/mision-01-1536x1056-1.png\" class=\"attachment-full size-full wp-image-545\" alt=\"\" srcset=\"https:\/\/amparate.co\/wp-content\/uploads\/2024\/10\/mision-01-1536x1056-1.png 1536w, https:\/\/amparate.co\/wp-content\/uploads\/2024\/10\/mision-01-1536x1056-1-300x206.png 300w, https:\/\/amparate.co\/wp-content\/uploads\/2024\/10\/mision-01-1536x1056-1-1024x704.png 1024w, https:\/\/amparate.co\/wp-content\/uploads\/2024\/10\/mision-01-1536x1056-1-768x528.png 768w\" sizes=\"(max-width: 1536px) 100vw, 1536px\" \/>\t\t\t\t\t\t\t\t\t\t\t\t\t\t\t<\/div>\n\t\t\t\t<\/div>\n\t\t\t\t\t<\/div>\n\t\t<\/div>\n\t\t\t\t\t<\/div>\n\t\t<\/section>\n\t\t\t\t<section class=\"elementor-section elementor-top-section elementor-element elementor-element-e11bcb9 elementor-section-boxed elementor-section-height-default elementor-section-height-default\" data-id=\"e11bcb9\" data-element_type=\"section\" data-e-type=\"section\">\n\t\t\t\t\t\t<div class=\"elementor-container elementor-column-gap-default\">\n\t\t\t\t\t<div class=\"elementor-column elementor-col-50 elementor-top-column elementor-element elementor-element-17060ad8 elementor-hidden-mobile\" data-id=\"17060ad8\" data-element_type=\"column\" data-e-type=\"column\">\n\t\t\t<div class=\"elementor-widget-wrap elementor-element-populated\">\n\t\t\t\t\t\t<div class=\"elementor-element elementor-element-6d2b8280 elementor-widget elementor-widget-image\" data-id=\"6d2b8280\" data-element_type=\"widget\" data-e-type=\"widget\" data-widget_type=\"image.default\">\n\t\t\t\t<div class=\"elementor-widget-container\">\n\t\t\t\t\t\t\t\t\t\t\t\t\t\t\t<img loading=\"lazy\" decoding=\"async\" width=\"1536\" height=\"1056\" src=\"https:\/\/amparate.co\/wp-content\/uploads\/2024\/10\/vision-01-1-1536x1056-1.png\" class=\"attachment-full size-full wp-image-546\" alt=\"\" srcset=\"https:\/\/amparate.co\/wp-content\/uploads\/2024\/10\/vision-01-1-1536x1056-1.png 1536w, https:\/\/amparate.co\/wp-content\/uploads\/2024\/10\/vision-01-1-1536x1056-1-300x206.png 300w, https:\/\/amparate.co\/wp-content\/uploads\/2024\/10\/vision-01-1-1536x1056-1-1024x704.png 1024w, https:\/\/amparate.co\/wp-content\/uploads\/2024\/10\/vision-01-1-1536x1056-1-768x528.png 768w\" sizes=\"(max-width: 1536px) 100vw, 1536px\" \/>\t\t\t\t\t\t\t\t\t\t\t\t\t\t\t<\/div>\n\t\t\t\t<\/div>\n\t\t\t\t\t<\/div>\n\t\t<\/div>\n\t\t\t\t<div class=\"elementor-column elementor-col-50 elementor-top-column elementor-element elementor-element-28c23b42\" data-id=\"28c23b42\" data-element_type=\"column\" data-e-type=\"column\">\n\t\t\t<div class=\"elementor-widget-wrap elementor-element-populated\">\n\t\t\t\t\t\t<div class=\"elementor-element elementor-element-4eba2cbb elementor-widget elementor-widget-heading\" data-id=\"4eba2cbb\" data-element_type=\"widget\" data-e-type=\"widget\" data-widget_type=\"heading.default\">\n\t\t\t\t<div class=\"elementor-widget-container\">\n\t\t\t\t\t<h2 class=\"elementor-heading-title elementor-size-default\">VISI\u00d3N<\/h2>\t\t\t\t<\/div>\n\t\t\t\t<\/div>\n\t\t\t\t<div class=\"elementor-element elementor-element-617c5913 elementor-hidden-desktop elementor-hidden-tablet elementor-widget elementor-widget-image\" data-id=\"617c5913\" data-element_type=\"widget\" data-e-type=\"widget\" data-widget_type=\"image.default\">\n\t\t\t\t<div class=\"elementor-widget-container\">\n\t\t\t\t\t\t\t\t\t\t\t\t\t\t\t<img decoding=\"async\" src=\"https:\/\/amparate.co\/wp-content\/uploads\/2024\/10\/vision-01-1.png\" class=\"attachment-full size-full wp-image-532\" alt=\"\" \/>\t\t\t\t\t\t\t\t\t\t\t\t\t\t\t<\/div>\n\t\t\t\t<\/div>\n\t\t\t\t<div class=\"elementor-element elementor-element-198c7835 elementor-widget elementor-widget-text-editor\" data-id=\"198c7835\" data-element_type=\"widget\" data-e-type=\"widget\" data-widget_type=\"text-editor.default\">\n\t\t\t\t<div class=\"elementor-widget-container\">\n\t\t\t\t\t\t\t\t\t<p>Optimizar los canales de distribuci\u00f3n de las aseguradoras para generar valor a las compa\u00f1\u00edas, intermediarios y asegurados.<\/p>\t\t\t\t\t\t\t\t<\/div>\n\t\t\t\t<\/div>\n\t\t\t\t\t<\/div>\n\t\t<\/div>\n\t\t\t\t\t<\/div>\n\t\t<\/section>\n\t\t\t\t<\/div>\n\t\t","protected":false},"excerpt":{"rendered":"<p>NOSOTROS En el a\u00f1o 2022, surge Prima Justa a partir de la fusi\u00f3n de tres agencias de seguros con m\u00e1s de 20 a\u00f1os de experiencia en el mercado asegurador. Estas agencias no comprend\u00edan por qu\u00e9, en pleno siglo XXI, no exist\u00edan compa\u00f1\u00edas de seguros centradas en fortalecer sus canales digitales. Por lo tanto, nos propusimos [&hellip;]<\/p>\n","protected":false},"author":1,"featured_media":0,"parent":0,"menu_order":0,"comment_status":"closed","ping_status":"closed","template":"","meta":{"footnotes":""},"class_list":["post-527","page","type-page","status-publish","hentry"],"_links":{"self":[{"href":"https:\/\/amparate.co\/index.php?rest_route=\/wp\/v2\/pages\/527","targetHints":{"allow":["GET"]}}],"collection":[{"href":"https:\/\/amparate.co\/index.php?rest_route=\/wp\/v2\/pages"}],"about":[{"href":"https:\/\/amparate.co\/index.php?rest_route=\/wp\/v2\/types\/page"}],"author":[{"embeddable":true,"href":"https:\/\/amparate.co\/index.php?rest_route=\/wp\/v2\/users\/1"}],"replies":[{"embeddable":true,"href":"https:\/\/amparate.co\/index.php?rest_route=%2Fwp%2Fv2%2Fcomments&post=527"}],"version-history":[{"count":14,"href":"https:\/\/amparate.co\/index.php?rest_route=\/wp\/v2\/pages\/527\/revisions"}],"predecessor-version":[{"id":1169,"href":"https:\/\/amparate.co\/index.php?rest_route=\/wp\/v2\/pages\/527\/revisions\/1169"}],"wp:attachment":[{"href":"https:\/\/amparate.co\/index.php?rest_route=%2Fwp%2Fv2%2Fmedia&parent=527"}],"curies":[{"name":"wp","href":"https:\/\/api.w.org\/{rel}","templated":true}]}}